{"id":3600,"date":"2021-05-05T10:06:24","date_gmt":"2021-05-05T07:06:24","guid":{"rendered":"http:\/\/www.nicdarkthemes.com\/themes\/seafood\/wp\/demo\/restaurant\/checkout\/"},"modified":"2023-09-11T11:45:27","modified_gmt":"2023-09-11T08:45:27","slug":"sss","status":"publish","type":"page","link":"https:\/\/cocuklargulsundiye.org\/en\/sss\/","title":{"rendered":"F.A.Q."},"content":{"rendered":"<div data-elementor-type=\"wp-page\" data-elementor-id=\"3600\" class=\"elementor elementor-3600\" data-elementor-post-type=\"page\">\n\t\t\t\t\t\t\t\t\t<section class=\"elementor-section elementor-top-section elementor-element elementor-element-26ac03e8 elementor-section-stretched elementor-section-content-middle elementor-section-boxed elementor-section-height-default elementor-section-height-default\" data-id=\"26ac03e8\" data-element_type=\"section\" data-settings=\"{&quot;stretch_section&quot;:&quot;section-stretched&quot;,&quot;background_background&quot;:&quot;classic&quot;}\">\n\t\t\t\t\t\t\t<div class=\"elementor-background-overlay\"><\/div>\n\t\t\t\t\t\t\t<div class=\"elementor-container elementor-column-gap-default\">\n\t\t\t\t\t<div class=\"elementor-column elementor-col-100 elementor-top-column elementor-element elementor-element-d4a78a0\" data-id=\"d4a78a0\" data-element_type=\"column\">\n\t\t\t<div class=\"elementor-widget-wrap elementor-element-populated\">\n\t\t\t\t\t\t\t\t<div class=\"elementor-element elementor-element-5c8c80d5 elementor-widget elementor-widget-heading\" data-id=\"5c8c80d5\" data-element_type=\"widget\" data-widget_type=\"heading.default\">\n\t\t\t\t<div class=\"elementor-widget-container\">\n\t\t\t<style>\/*! elementor - v3.15.0 - 20-08-2023 *\/\n.elementor-heading-title{padding:0;margin:0;line-height:1}.elementor-widget-heading .elementor-heading-title[class*=elementor-size-]>a{color:inherit;font-size:inherit;line-height:inherit}.elementor-widget-heading .elementor-heading-title.elementor-size-small{font-size:15px}.elementor-widget-heading .elementor-heading-title.elementor-size-medium{font-size:19px}.elementor-widget-heading .elementor-heading-title.elementor-size-large{font-size:29px}.elementor-widget-heading .elementor-heading-title.elementor-size-xl{font-size:39px}.elementor-widget-heading .elementor-heading-title.elementor-size-xxl{font-size:59px}<\/style><h1 class=\"elementor-heading-title elementor-size-default\">SIK\u00c7A SORULAN SORULAR<\/h1>\t\t<\/div>\n\t\t\t\t<\/div>\n\t\t\t\t\t<\/div>\n\t\t<\/div>\n\t\t\t\t\t\t\t<\/div>\n\t\t<\/section>\n\t\t\t\t<section class=\"elementor-section elementor-top-section elementor-element elementor-element-5fa97187 elementor-section-boxed elementor-section-height-default elementor-section-height-default\" data-id=\"5fa97187\" data-element_type=\"section\">\n\t\t\t\t\t\t<div class=\"elementor-container elementor-column-gap-default\">\n\t\t\t\t\t<div class=\"elementor-column elementor-col-100 elementor-top-column elementor-element elementor-element-f8c61b3\" data-id=\"f8c61b3\" data-element_type=\"column\">\n\t\t\t<div class=\"elementor-widget-wrap elementor-element-populated\">\n\t\t\t\t\t\t\t\t<div class=\"elementor-element elementor-element-4229fd21 elementor-widget elementor-widget-text-editor\" data-id=\"4229fd21\" data-element_type=\"widget\" data-widget_type=\"text-editor.default\">\n\t\t\t\t<div class=\"elementor-widget-container\">\n\t\t\t<style>\/*! elementor - v3.15.0 - 20-08-2023 *\/\n.elementor-widget-text-editor.elementor-drop-cap-view-stacked .elementor-drop-cap{background-color:#69727d;color:#fff}.elementor-widget-text-editor.elementor-drop-cap-view-framed .elementor-drop-cap{color:#69727d;border:3px solid;background-color:transparent}.elementor-widget-text-editor:not(.elementor-drop-cap-view-default) .elementor-drop-cap{margin-top:8px}.elementor-widget-text-editor:not(.elementor-drop-cap-view-default) .elementor-drop-cap-letter{width:1em;height:1em}.elementor-widget-text-editor .elementor-drop-cap{float:left;text-align:center;line-height:1;font-size:50px}.elementor-widget-text-editor .elementor-drop-cap-letter{display:inline-block}<\/style>\t\t\t\t<!-- wp:shortcode -->\n<div class=\"woocommerce\"><\/div>\n<!-- \/wp:shortcode -->\t\t\t\t\t\t<\/div>\n\t\t\t\t<\/div>\n\t\t\t\t\t<\/div>\n\t\t<\/div>\n\t\t\t\t\t\t\t<\/div>\n\t\t<\/section>\n\t\t\t\t<section class=\"elementor-section elementor-top-section elementor-element elementor-element-cb50d65 elementor-section-boxed elementor-section-height-default elementor-section-height-default\" data-id=\"cb50d65\" data-element_type=\"section\">\n\t\t\t\t\t\t<div class=\"elementor-container elementor-column-gap-default\">\n\t\t\t\t\t<div class=\"elementor-column elementor-col-100 elementor-top-column elementor-element elementor-element-2090e5c\" data-id=\"2090e5c\" data-element_type=\"column\">\n\t\t\t<div class=\"elementor-widget-wrap elementor-element-populated\">\n\t\t\t\t\t\t\t\t<div class=\"elementor-element elementor-element-43239d9 elementor-widget elementor-widget-accordion\" data-id=\"43239d9\" data-element_type=\"widget\" data-widget_type=\"accordion.default\">\n\t\t\t\t<div class=\"elementor-widget-container\">\n\t\t\t<style>\/*! elementor - v3.15.0 - 20-08-2023 *\/\n.elementor-accordion{text-align:left}.elementor-accordion .elementor-accordion-item{border:1px solid #d5d8dc}.elementor-accordion .elementor-accordion-item+.elementor-accordion-item{border-top:none}.elementor-accordion .elementor-tab-title{margin:0;padding:15px 20px;font-weight:700;line-height:1;cursor:pointer;outline:none}.elementor-accordion .elementor-tab-title .elementor-accordion-icon{display:inline-block;width:1.5em}.elementor-accordion .elementor-tab-title .elementor-accordion-icon svg{width:1em;height:1em}.elementor-accordion .elementor-tab-title .elementor-accordion-icon.elementor-accordion-icon-right{float:right;text-align:right}.elementor-accordion .elementor-tab-title .elementor-accordion-icon.elementor-accordion-icon-left{float:left;text-align:left}.elementor-accordion .elementor-tab-title .elementor-accordion-icon .elementor-accordion-icon-closed{display:block}.elementor-accordion .elementor-tab-title .elementor-accordion-icon .elementor-accordion-icon-opened,.elementor-accordion .elementor-tab-title.elementor-active .elementor-accordion-icon-closed{display:none}.elementor-accordion .elementor-tab-title.elementor-active .elementor-accordion-icon-opened{display:block}.elementor-accordion .elementor-tab-content{display:none;padding:15px 20px;border-top:1px solid #d5d8dc}@media (max-width:767px){.elementor-accordion .elementor-tab-title{padding:12px 15px}.elementor-accordion .elementor-tab-title .elementor-accordion-icon{width:1.2em}.elementor-accordion .elementor-tab-content{padding:7px 15px}}.e-con-inner>.elementor-widget-accordion,.e-con>.elementor-widget-accordion{width:var(--container-widget-width);--flex-grow:var(--container-widget-flex-grow)}<\/style>\t\t<div class=\"elementor-accordion\">\n\t\t\t\t\t\t\t<div class=\"elementor-accordion-item\">\n\t\t\t\t\t<div id=\"elementor-tab-title-7041\" class=\"elementor-tab-title\" data-tab=\"1\" role=\"button\" aria-controls=\"elementor-tab-content-7041\" aria-expanded=\"false\">\n\t\t\t\t\t\t\t\t\t\t\t\t\t<span class=\"elementor-accordion-icon elementor-accordion-icon-left\" aria-hidden=\"true\">\n\t\t\t\t\t\t\t\t\t\t\t\t\t\t\t<span class=\"elementor-accordion-icon-closed\"><i class=\"fas fa-plus\"><\/i><\/span>\n\t\t\t\t\t\t\t\t<span class=\"elementor-accordion-icon-opened\"><i class=\"fas fa-minus\"><\/i><\/span>\n\t\t\t\t\t\t\t\t\t\t\t\t\t\t<\/span>\n\t\t\t\t\t\t\t\t\t\t\t\t<a class=\"elementor-accordion-title\" tabindex=\"0\">Anaokullar\u0131n\u0131z\u0131n yap\u0131laca\u011f\u0131 illeri nas\u0131l belirliyorsunuz?<\/a>\n\t\t\t\t\t<\/div>\n\t\t\t\t\t<div id=\"elementor-tab-content-7041\" class=\"elementor-tab-content elementor-clearfix\" data-tab=\"1\" role=\"region\" aria-labelledby=\"elementor-tab-title-7041\"><p>Anaokullar\u0131m\u0131z\u0131n yap\u0131laca\u011f\u0131 iller, \u00c7ocuklar G\u00fcls\u00fcn Diye Derne\u011fimiz ve Milli E\u011fitim Bakanl\u0131\u011f\u0131m\u0131z taraf\u0131ndan ortak karar ile se\u00e7iliyor. Bu illerde anaokulu yap\u0131lacak belde veya k\u00f6yler ise, okul \u00f6ncesi e\u011fitime ihtiya\u00e7 duyan \u00e7ocuk say\u0131s\u0131 ve okuryazarl\u0131k oran\u0131n\u0131 g\u00f6z \u00f6n\u00fcnde bulundurarak Milli E\u011fitim Bakanl\u0131\u011f\u0131m\u0131z taraf\u0131ndan belirleniyor.<\/p><\/div>\n\t\t\t\t<\/div>\n\t\t\t\t\t\t\t<div class=\"elementor-accordion-item\">\n\t\t\t\t\t<div id=\"elementor-tab-title-7042\" class=\"elementor-tab-title\" data-tab=\"2\" role=\"button\" aria-controls=\"elementor-tab-content-7042\" aria-expanded=\"false\">\n\t\t\t\t\t\t\t\t\t\t\t\t\t<span class=\"elementor-accordion-icon elementor-accordion-icon-left\" aria-hidden=\"true\">\n\t\t\t\t\t\t\t\t\t\t\t\t\t\t\t<span class=\"elementor-accordion-icon-closed\"><i class=\"fas fa-plus\"><\/i><\/span>\n\t\t\t\t\t\t\t\t<span class=\"elementor-accordion-icon-opened\"><i class=\"fas fa-minus\"><\/i><\/span>\n\t\t\t\t\t\t\t\t\t\t\t\t\t\t<\/span>\n\t\t\t\t\t\t\t\t\t\t\t\t<a class=\"elementor-accordion-title\" tabindex=\"0\">\u00c7ocuklar G\u00fcls\u00fcn Diye Anaokullar\u0131'n\u0131n \u00f6zellikleri neler?<\/a>\n\t\t\t\t\t<\/div>\n\t\t\t\t\t<div id=\"elementor-tab-content-7042\" class=\"elementor-tab-content elementor-clearfix\" data-tab=\"2\" role=\"region\" aria-labelledby=\"elementor-tab-title-7042\"><p>Anaokullar\u0131m\u0131z 180 metrekare ve 230 metrekare olmak \u00fczere iki \u00f6l\u00e7\u00fcde yap\u0131l\u0131yor. 180 m2 olan anaokullar\u0131m\u0131z 2 s\u0131n\u0131f, mutfak, \u00a0\u00f6\u011fretmen odas\u0131 , yeti\u015fkin tuvaleti ve \u00e7ocuk tuvaletlerinden olu\u015fuyor. 230 m2 olan anaokullar\u0131m\u0131zda ise, 3 s\u0131n\u0131f, mutfak, m\u00fcd\u00fcr odas\u0131, \u00f6\u011fretmen odas\u0131, yeti\u015fkin tuvaleti ve \u00e7ocuk tuvaletleri bulunmaktad\u0131r.<\/p><\/div>\n\t\t\t\t<\/div>\n\t\t\t\t\t\t\t<div class=\"elementor-accordion-item\">\n\t\t\t\t\t<div id=\"elementor-tab-title-7043\" class=\"elementor-tab-title\" data-tab=\"3\" role=\"button\" aria-controls=\"elementor-tab-content-7043\" aria-expanded=\"false\">\n\t\t\t\t\t\t\t\t\t\t\t\t\t<span class=\"elementor-accordion-icon elementor-accordion-icon-left\" aria-hidden=\"true\">\n\t\t\t\t\t\t\t\t\t\t\t\t\t\t\t<span class=\"elementor-accordion-icon-closed\"><i class=\"fas fa-plus\"><\/i><\/span>\n\t\t\t\t\t\t\t\t<span class=\"elementor-accordion-icon-opened\"><i class=\"fas fa-minus\"><\/i><\/span>\n\t\t\t\t\t\t\t\t\t\t\t\t\t\t<\/span>\n\t\t\t\t\t\t\t\t\t\t\t\t<a class=\"elementor-accordion-title\" tabindex=\"0\">\u00c7ocuklar G\u00fcls\u00fcn Diye Anaokullar\u0131 depreme dayan\u0131kl\u0131 m\u0131d\u0131r?<\/a>\n\t\t\t\t\t<\/div>\n\t\t\t\t\t<div id=\"elementor-tab-content-7043\" class=\"elementor-tab-content elementor-clearfix\" data-tab=\"3\" role=\"region\" aria-labelledby=\"elementor-tab-title-7043\"><p>T\u00fcm anaokullar\u0131m\u0131z \u00e7elik konstr\u00fcksiyon y\u00f6ntemi ile in\u015fa edilmektedir. Deprem b\u00f6lgesinde bulunan anaokullar\u0131m\u0131zda, asr\u0131n felaketi olarak nitelendirilen b\u00fcy\u00fck depremde \u00e7atlak dahi olu\u015fmam\u0131\u015ft\u0131r. Baz\u0131 anaokullar\u0131m\u0131z ise birka\u00e7 aileye 6-8 hafta boyunca s\u0131\u011f\u0131nacaklar\u0131 bir yuva olmu\u015ftur. Bu kapsamda &#8220;11 Afet B\u00f6lgesinde 11 Anaokulu&#8221; projemiz dahilinde yapt\u0131\u011f\u0131m\u0131z anaokullar\u0131m\u0131z dahil t\u00fcm yap\u0131lar\u0131m\u0131z\u0131n depreme dayan\u0131kl\u0131 oldu\u011funu g\u00f6n\u00fcl rahatl\u0131\u011f\u0131yla s\u00f6yleyebiliriz. \u00c7ocuklar\u0131m\u0131z\u0131n sa\u011fl\u0131\u011f\u0131 ve g\u00fcvenli\u011fi en b\u00fcy\u00fck \u00f6nceli\u011fimizdir.\u00a0<\/p><\/div>\n\t\t\t\t<\/div>\n\t\t\t\t\t\t\t<div class=\"elementor-accordion-item\">\n\t\t\t\t\t<div id=\"elementor-tab-title-7044\" class=\"elementor-tab-title\" data-tab=\"4\" role=\"button\" aria-controls=\"elementor-tab-content-7044\" aria-expanded=\"false\">\n\t\t\t\t\t\t\t\t\t\t\t\t\t<span class=\"elementor-accordion-icon elementor-accordion-icon-left\" aria-hidden=\"true\">\n\t\t\t\t\t\t\t\t\t\t\t\t\t\t\t<span class=\"elementor-accordion-icon-closed\"><i class=\"fas fa-plus\"><\/i><\/span>\n\t\t\t\t\t\t\t\t<span class=\"elementor-accordion-icon-opened\"><i class=\"fas fa-minus\"><\/i><\/span>\n\t\t\t\t\t\t\t\t\t\t\t\t\t\t<\/span>\n\t\t\t\t\t\t\t\t\t\t\t\t<a class=\"elementor-accordion-title\" tabindex=\"0\">Anaokulu in\u015faatlar\u0131m\u0131z bittikten sonra nas\u0131l bir s\u00fcre\u00e7 i\u015fliyor?<\/a>\n\t\t\t\t\t<\/div>\n\t\t\t\t\t<div id=\"elementor-tab-content-7044\" class=\"elementor-tab-content elementor-clearfix\" data-tab=\"4\" role=\"region\" aria-labelledby=\"elementor-tab-title-7044\"><p>\u0130n\u015faat s\u00fcreci tamamlanan anaokullar\u0131m\u0131z, i\u015fbirli\u011fi protokol\u00fcm\u00fcz kapsam\u0131nda birlikte yol ald\u0131\u011f\u0131m\u0131z Milli E\u011fitim Bakanl\u0131\u011f\u0131m\u0131za devir\/hibe edilmektedir. Anaokullar\u0131m\u0131za \u00f6\u011fretmen ve personel atamas\u0131 Milli E\u011fitim Bakanl\u0131\u011f\u0131m\u0131z taraf\u0131ndan yap\u0131lmakta ve yine t\u00fcm y\u00f6netim, e\u011fitim-\u00f6\u011fretim s\u00fcre\u00e7leri bakanl\u0131\u011f\u0131m\u0131z taraf\u0131ndan y\u00f6netilmektedir.<\/p><\/div>\n\t\t\t\t<\/div>\n\t\t\t\t\t\t\t<div class=\"elementor-accordion-item\">\n\t\t\t\t\t<div id=\"elementor-tab-title-7045\" class=\"elementor-tab-title\" data-tab=\"5\" role=\"button\" aria-controls=\"elementor-tab-content-7045\" aria-expanded=\"false\">\n\t\t\t\t\t\t\t\t\t\t\t\t\t<span class=\"elementor-accordion-icon elementor-accordion-icon-left\" aria-hidden=\"true\">\n\t\t\t\t\t\t\t\t\t\t\t\t\t\t\t<span class=\"elementor-accordion-icon-closed\"><i class=\"fas fa-plus\"><\/i><\/span>\n\t\t\t\t\t\t\t\t<span class=\"elementor-accordion-icon-opened\"><i class=\"fas fa-minus\"><\/i><\/span>\n\t\t\t\t\t\t\t\t\t\t\t\t\t\t<\/span>\n\t\t\t\t\t\t\t\t\t\t\t\t<a class=\"elementor-accordion-title\" tabindex=\"0\">Nas\u0131l destek olabilirim?<\/a>\n\t\t\t\t\t<\/div>\n\t\t\t\t\t<div id=\"elementor-tab-content-7045\" class=\"elementor-tab-content elementor-clearfix\" data-tab=\"5\" role=\"region\" aria-labelledby=\"elementor-tab-title-7045\"><p><strong>Banka hesap numaralar\u0131m\u0131za HAVALE\/EFT yoluyla ba\u011f\u0131\u015f yaparak; <\/strong><\/p>\n<p><em>Al\u0131c\u0131 Ad\u0131 : \u00c7ocuklar G\u00fcls\u00fcn Diye Derne\u011fi<\/em><\/p>\n<p><em>Garanti Bankas\u0131 \u015eube Kodu : 1314\u00a0 Hesap No: 6211111<\/em><\/p>\n<p><em>TL : TR22 0006 2001 3140 0006 2222 22 <\/em><br \/><em>USD : TR76 0006 2001 3140 0009 0222 22 <\/em><br \/><em>EURO : TR49 0006 2001 3140 0009 0222 23 <\/em><br \/><em>Yurt D\u0131\u015f\u0131 G\u00f6nderiler i\u00e7in Swift Kodu : TGBATRISXXX<\/em><\/p>\n<p>\u00a0<\/p>\n<p><strong>SMS yolu ile;<\/strong><\/p>\n<p><em><strong>Turkcell 1234<\/strong>\u2019e, <strong>Vodafone<\/strong> ve <strong>Turk Telekom 2345<\/strong>\u2019e \u201c<strong>CGD<\/strong>\u201d yaz\u0131p yollayabilirsiniz. (<strong>1 SMS 25 TL de\u011ferindedir.<\/strong>) <\/em><\/p>\n<p>\u00a0<\/p>\n<p><strong>\u00c7ocuklar G\u00fcls\u00fcn Diye D\u00fckkan\u0131&#8217;dan sevdiklerinize hediyeler alarak.<\/strong><\/p>\n<p><a href=\"http:\/\/www.cocuklargulsundiyedukkani.com\/\" target=\"_blank\" rel=\"noopener\">https:\/\/www.cocuklarg<\/a><a href=\"http:\/\/www.cocuklargulsundiyedukkani.com\/\" target=\"_blank\" rel=\"noopener\">ulsundiyedukkani.com\/ <\/a><\/p><\/div>\n\t\t\t\t<\/div>\n\t\t\t\t\t\t\t<div class=\"elementor-accordion-item\">\n\t\t\t\t\t<div id=\"elementor-tab-title-7046\" class=\"elementor-tab-title\" data-tab=\"6\" role=\"button\" aria-controls=\"elementor-tab-content-7046\" aria-expanded=\"false\">\n\t\t\t\t\t\t\t\t\t\t\t\t\t<span class=\"elementor-accordion-icon elementor-accordion-icon-left\" aria-hidden=\"true\">\n\t\t\t\t\t\t\t\t\t\t\t\t\t\t\t<span class=\"elementor-accordion-icon-closed\"><i class=\"fas fa-plus\"><\/i><\/span>\n\t\t\t\t\t\t\t\t<span class=\"elementor-accordion-icon-opened\"><i class=\"fas fa-minus\"><\/i><\/span>\n\t\t\t\t\t\t\t\t\t\t\t\t\t\t<\/span>\n\t\t\t\t\t\t\t\t\t\t\t\t<a class=\"elementor-accordion-title\" tabindex=\"0\">Yapt\u0131\u011f\u0131m ba\u011f\u0131\u015f\u0131n gizli kalmas\u0131 m\u00fcmk\u00fcn m\u00fc?<\/a>\n\t\t\t\t\t<\/div>\n\t\t\t\t\t<div id=\"elementor-tab-content-7046\" class=\"elementor-tab-content elementor-clearfix\" data-tab=\"6\" role=\"region\" aria-labelledby=\"elementor-tab-title-7046\"><p>Dekontunuza ismimin gizli tutulmas\u0131n\u0131 istiyorum notunu d\u00fc\u015ferseniz, &#8216;Kahramanlar\u0131m\u0131z&#8217; listesinde isminiz \u00e7\u0131kmayacakt\u0131r.<\/p>\n<p>\u00a0<\/p><\/div>\n\t\t\t\t<\/div>\n\t\t\t\t\t\t\t\t<\/div>\n\t\t\t\t<\/div>\n\t\t\t\t<\/div>\n\t\t\t\t\t<\/div>\n\t\t<\/div>\n\t\t\t\t\t\t\t<\/div>\n\t\t<\/section>\n\t\t\t\t\t\t\t<\/div>","protected":false},"excerpt":{"rendered":"<p>SIK\u00c7A SORULAN SORULAR Anaokullar\u0131n\u0131z\u0131n yap\u0131laca\u011f\u0131 illeri nas\u0131l belirliyorsunuz? Anaokullar\u0131m\u0131z\u0131n yap\u0131laca\u011f\u0131 iller, \u00c7ocuklar G\u00fcls\u00fcn Diye Derne\u011fimiz ve Milli E\u011fitim Bakanl\u0131\u011f\u0131m\u0131z taraf\u0131ndan ortak karar ile se\u00e7iliyor. Bu illerde anaokulu yap\u0131lacak belde veya [&hellip;]<\/p>","protected":false},"author":1,"featured_media":0,"parent":0,"menu_order":0,"comment_status":"closed","ping_status":"closed","template":"","meta":{"footnotes":""},"class_list":["post-3600","page","type-page","status-publish","hentry"],"rttpg_featured_image_url":null,"rttpg_author":{"display_name":"377qf","author_link":"https:\/\/cocuklargulsundiye.org\/en\/author\/377qf\/"},"rttpg_comment":0,"rttpg_category":null,"rttpg_excerpt":"SIK\u00c7A SORULAN SORULAR Anaokullar\u0131n\u0131z\u0131n yap\u0131laca\u011f\u0131 illeri nas\u0131l belirliyorsunuz? Anaokullar\u0131m\u0131z\u0131n yap\u0131laca\u011f\u0131 iller, \u00c7ocuklar G\u00fcls\u00fcn Diye Derne\u011fimiz ve Milli E\u011fitim Bakanl\u0131\u011f\u0131m\u0131z taraf\u0131ndan ortak karar ile se\u00e7iliyor. Bu illerde anaokulu yap\u0131lacak belde veya [&hellip;]","_links":{"self":[{"href":"https:\/\/cocuklargulsundiye.org\/en\/wp-json\/wp\/v2\/pages\/3600","targetHints":{"allow":["GET"]}}],"collection":[{"href":"https:\/\/cocuklargulsundiye.org\/en\/wp-json\/wp\/v2\/pages"}],"about":[{"href":"https:\/\/cocuklargulsundiye.org\/en\/wp-json\/wp\/v2\/types\/page"}],"author":[{"embeddable":true,"href":"https:\/\/cocuklargulsundiye.org\/en\/wp-json\/wp\/v2\/users\/1"}],"replies":[{"embeddable":true,"href":"https:\/\/cocuklargulsundiye.org\/en\/wp-json\/wp\/v2\/comments?post=3600"}],"version-history":[{"count":15,"href":"https:\/\/cocuklargulsundiye.org\/en\/wp-json\/wp\/v2\/pages\/3600\/revisions"}],"predecessor-version":[{"id":14045,"href":"https:\/\/cocuklargulsundiye.org\/en\/wp-json\/wp\/v2\/pages\/3600\/revisions\/14045"}],"wp:attachment":[{"href":"https:\/\/cocuklargulsundiye.org\/en\/wp-json\/wp\/v2\/media?parent=3600"}],"curies":[{"name":"wp","href":"https:\/\/api.w.org\/{rel}","templated":true}]}}